{"id":261,"date":"2018-02-08T13:28:16","date_gmt":"2018-02-08T13:28:16","guid":{"rendered":"http:\/\/gjellerupsdr.dk\/?page_id=261"},"modified":"2018-02-12T14:46:52","modified_gmt":"2018-02-12T14:46:52","slug":"foraeldrehaandbogen","status":"publish","type":"page","link":"https:\/\/gjellerupsdr.dk\/en\/svoemning\/foraeldrehaandbogen\/","title":{"rendered":"for\u00e6ldreh\u00e5ndbogen"},"content":{"rendered":"<p>[et_pb_section fb_built=&#8221;1&#8243; fullwidth=&#8221;on&#8221; _builder_version=&#8221;3.0.92&#8243;][et_pb_fullwidth_slider admin_label=&#8221;Fullwidth Slider&#8221; _builder_version=&#8221;3.0.92&#8243; custom_padding=&#8221;|||&#8221; custom_padding_tablet=&#8221;|||&#8221; custom_padding_phone=&#8221;|||&#8221;][et_pb_slide heading=&#8221;For\u00e6ldreh\u00e5ndbog&#8221; _builder_version=&#8221;3.0.92&#8243; background_color=&#8221;#1876db&#8221; background_image=&#8221;http:\/\/gjellerupsdr.dk\/wp-content\/uploads\/2018\/02\/hold-1-1.jpg&#8221;][\/et_pb_slide][\/et_pb_fullwidth_slider][\/et_pb_section][et_pb_section fb_built=&#8221;1&#8243; _builder_version=&#8221;3.0.92&#8243;][et_pb_row _builder_version=&#8221;3.0.92&#8243;][et_pb_column type=&#8221;1_2&#8243; _builder_version=&#8221;3.0.92&#8243; parallax=&#8221;off&#8221; parallax_method=&#8221;on&#8221;][et_pb_blurb title=&#8221;Forventninger til for\u00e6ldre&#8221; _builder_version=&#8221;3.0.92&#8243; header_level=&#8221;h3&#8243; header_font=&#8221;||||||||&#8221; header_line_height=&#8221;1.2em&#8221;]Det er helt i orden, at I som for\u00e6ldre er med i sv\u00f8mmehallen. Vi har stor forst\u00e5else for, at det er rart at kunne holde \u00f8je med sit barn under undervisningen. Og meget naturligt, \u00f8nsker man kun sit barn det bedste og det kan derfor v\u00e6re fristende at hj\u00e6lpe til imens undervisningen st\u00e5r p\u00e5. I skal dog huske, at det ikke altid er lige godt for jeres barns undervisning.<\/p>\n<p>B\u00f8rn kan let lade sig distrahere, og is\u00e6r hvis far eller mor sidder p\u00e5 kanten og kommenterer p\u00e5 sit barns sv\u00f8mning. Det kan samtidig v\u00e6re sv\u00e6rt for barnet at koncentrere sig om, hvad instrukt\u00f8ren siger, og nogle gange kan det virke distraherende p\u00e5 undervisningen, og kan forstyrre b\u00e5de de andre b\u00f8rn og instrukt\u00f8ren.<\/p>\n<p>Vi mener, at et barns selvtillid og selvv\u00e6rd vokser, n\u00e5r det oplever\u00a0<strong>\u201cJeg-kan-selv\u201d .<\/strong>\u00a0Sv\u00f8mmeundervisningen giver alle muligheder for at opn\u00e5 denne f\u00f8lelse at, at de mestrer noget. Og s\u00e5 er det bare fedt, n\u00e5r man fort\u00e6ller det til sin mor og far efter.<\/p>\n<p>Vi ved, at I alle sidder med ved kanten for jeres barns skyld, og det er kun godt. Men er I uforst\u00e5ende, undrende eller har I blot sp\u00f8rgsm\u00e5l til undervisningen, m\u00e5 I meget gerne henvende jer til instrukt\u00f8ren, som s\u00e5 vil svare p\u00e5 jeres sp\u00f8rgsm\u00e5l efter tr\u00e6ningen. I fald instrukt\u00f8ren ikke kan besvare jeres sp\u00f8rgsm\u00e5l bedes I henvende jer til bestyrelsen.<\/p>\n<p><b>INFORMATION\u00a0<\/b><span data-ccp-props=\"{&quot;134233117&quot;:true,&quot;134233118&quot;:true,&quot;201341983&quot;:0,&quot;335551550&quot;:6,&quot;335551620&quot;:6,&quot;335559740&quot;:240}\">\u00a0<\/span><\/p>\n<p>Vi informerer via e-mail samt sms, derfor er det\u00a0<b>vigtigt<\/b><b>,<\/b>\u00a0vi har korrekte oplysninger. Er du i tvivl om, hvilke oplysninger vi har, kan du g\u00e5 ind via conventus.dk og se din profil. Der kan du tjekke og evt. rette eller tilf\u00f8je oplysninger. Det er her vigtigt at mobilnummer st\u00e5r i feltet, som er beregnet til mobilnummer. Du kan ogs\u00e5 \u00e6ndre adgangskode til conventus.<span data-ccp-props=\"{&quot;134233117&quot;:true,&quot;134233118&quot;:true,&quot;201341983&quot;:0,&quot;335551550&quot;:6,&quot;335551620&quot;:6,&quot;335559740&quot;:240}\">\u00a0<\/span><\/p>\n<p>V\u00e6r opm\u00e6rksom p\u00e5, at mails fra conventus kan blive frasorteret af din e-mails spam-filter, du skal selv g\u00e5 ind i p\u00e5 din mail og krydse af, at du \u00f8nsker mails fra conventus.<span data-ccp-props=\"{&quot;134233117&quot;:true,&quot;134233118&quot;:true,&quot;201341983&quot;:0,&quot;335551550&quot;:6,&quot;335551620&quot;:6,&quot;335559740&quot;:240}\">\u00a0<\/span><br \/>\n[\/et_pb_blurb][\/et_pb_column][et_pb_column type=&#8221;1_2&#8243; _builder_version=&#8221;3.0.92&#8243; parallax=&#8221;off&#8221; parallax_method=&#8221;on&#8221;][et_pb_blurb title=&#8221;Gode r\u00e5d&#8221; _builder_version=&#8221;3.0.92&#8243; header_level=&#8221;h3&#8243; header_font=&#8221;||||||||&#8221; header_line_height=&#8221;1.2em&#8221;]Det anbefales at k\u00f8be\u00a0<b>sv\u00f8mmebriller\u00a0<\/b>(ikke dykkerbriller), s\u00e5ledes at tilv\u00e6nningen sker hurtigere. B\u00f8rnene v\u00e6nner sig hurtigere til klorvandet, og de har st\u00f8rre mulighed for at orientere sig under vandet. T\u00e6tsiddende\u00a0<b>badebukser\/badedragt\u00a0<\/b>kan ligeledes anbefales, da man f\u00e5r en st\u00f8rre bev\u00e6gelsesfrihed; desuden bliver vandmodstanden mindre, s\u00e5 man bruger mindre kr\u00e6fter p\u00e5 at bev\u00e6ge sig.\u00a0\u00a0<span data-ccp-props=\"{&quot;134233117&quot;:true,&quot;134233118&quot;:true,&quot;201341983&quot;:0,&quot;335551550&quot;:6,&quot;335551620&quot;:6,&quot;335559740&quot;:240}\">\u00a0<\/span><\/p>\n<p>Et\u00a0<b>h\u00e5ndkl\u00e6de\u00a0<\/b>til at t\u00f8rre sig med, efter man har vasket sig under bruseren, s\u00e5ledes at man ikke bliver kold. Du kan evt. tage en\u00a0<b>t-shirt\u00a0<\/b>p\u00e5, n\u00e5r du er p\u00e5 kanten for at undg\u00e5 at sidde og fryse inden undervisningsstart.<span data-ccp-props=\"{&quot;134233117&quot;:true,&quot;134233118&quot;:true,&quot;201341983&quot;:0,&quot;335551550&quot;:6,&quot;335551620&quot;:6,&quot;335559740&quot;:240}\">\u00a0<\/span><\/p>\n<p>Vi anbefaler\u00a0<b>badeh\u00e6tte<\/b>, hvis man har langt h\u00e5r \u2013 b\u00e5de af hensyn til hygiejnen og for at beskytte h\u00e5ret. En\u00a0<b>h\u00e5r-elastik\u00a0<\/b>er ogs\u00e5 en god id\u00e9.<span data-ccp-props=\"{&quot;134233117&quot;:true,&quot;134233118&quot;:true,&quot;201341983&quot;:0,&quot;335551550&quot;:6,&quot;335551620&quot;:6,&quot;335559740&quot;:240}\">\u00a0<\/span><\/p>\n<p>Vi anbefaler af flere grunde\u00a0<b>IKKE<\/b>\u00a0brug af\u00a0<b>sv\u00f8mmevinger<\/b>:<span data-ccp-props=\"{&quot;134233117&quot;:true,&quot;134233118&quot;:true,&quot;201341983&quot;:0,&quot;335551550&quot;:6,&quot;335551620&quot;:6,&quot;335559740&quot;:240}\">\u00a0<\/span><\/p>\n<p>Vinger fylder det meste af armene, hvilket h\u00e6mmer barnets sv\u00f8mmeudvikling. Vinger begr\u00e6nser ligeledes barnets udvikling af balancen og koordinering i vandet. N\u00e5r balancen \u00e6ndres pga. af vinger, f\u00e5r barnet en forkert stilling i vandet (lodret frem for vandret), og er dermed mere passive i vandet.<span data-ccp-props=\"{&quot;134233117&quot;:true,&quot;134233118&quot;:true,&quot;201341983&quot;:0,&quot;335551550&quot;:6,&quot;335551620&quot;:6,&quot;335559740&quot;:240}\">\u00a0<\/span><br \/>\n[\/et_pb_blurb][et_pb_blurb title=&#8221;Regler i sv\u00f8mmehallen&#8221; _builder_version=&#8221;3.0.92&#8243; header_level=&#8221;h3&#8243; header_font=&#8221;||||||||&#8221; header_line_height=&#8221;1.2em&#8221;]<\/p>\n<ul>\n<li data-aria-level=\"1\" data-aria-posinset=\"6\" data-listid=\"3\"><b>RYGNING<\/b><span data-ccp-props=\"{&quot;134233279&quot;:true,&quot;201341983&quot;:0,&quot;335551550&quot;:6,&quot;335551620&quot;:6,&quot;335559740&quot;:276}\">\u00a0<\/span><\/li>\n<\/ul>\n<p>Det er strengt forbudt at ryge i Herning Sv\u00f8mmehal (g\u00e6lder ogs\u00e5 toiletter)\u00a0<span data-ccp-props=\"{&quot;201341983&quot;:0,&quot;335551550&quot;:6,&quot;335551620&quot;:6,&quot;335559740&quot;:276}\">\u00a0<\/span><\/p>\n<ul>\n<li><strong>HYGIEJNE<\/strong><\/li>\n<\/ul>\n<p>Alle skal i bad inden sv\u00f8mmeundervisning. Vi henviser i\u00a0\u00f8vrigt til vores <a href=\"..\/baderegler\/\">baderegler<\/a>.\u00a0<\/p>\n<p>[\/et_pb_blurb][\/et_pb_column][\/et_pb_row][\/et_pb_section][et_pb_section fb_built=&#8221;1&#8243; background_color=&#8221;#f4f4f4&#8243; _builder_version=&#8221;3.0.92&#8243;][et_pb_row _builder_version=&#8221;3.0.47&#8243; background_size=&#8221;initial&#8221; background_position=&#8221;top_left&#8221; background_repeat=&#8221;repeat&#8221;][et_pb_column type=&#8221;1_2&#8243; _builder_version=&#8221;3.0.47&#8243; parallax=&#8221;off&#8221; parallax_method=&#8221;on&#8221;][et_pb_blurb title=&#8221;Hvilket hold skal jeg v\u00e6re p\u00e5?&#8221; url=&#8221;http:\/\/gjellerupsdr.dk\/svoemning\/foraeldrehaandbogen\/svoemmehold\/&#8221; icon_color=&#8221;#2ea3f2&#8243; image=&#8221;http:\/\/gjellerupsdr.dk\/wp-content\/uploads\/2018\/02\/27750209_1415383575251039_4463039563243652433_n.jpg&#8221; admin_label=&#8221;Blurb&#8221; _builder_version=&#8221;3.0.92&#8243; background_size=&#8221;initial&#8221; background_position=&#8221;top_left&#8221; background_repeat=&#8221;repeat&#8221; text_orientation=&#8221;center&#8221;]Find ud af hvilket hold som passer bedst til dit barn.<br \/>\n[\/et_pb_blurb][\/et_pb_column][et_pb_column type=&#8221;1_2&#8243; _builder_version=&#8221;3.0.47&#8243; parallax=&#8221;off&#8221; parallax_method=&#8221;on&#8221;][et_pb_blurb title=&#8221;L\u00e6s mere om sv\u00f8mmevinger&#8221; url=&#8221;http:\/\/gjellerupsdr.dk\/svoemning\/svoemmevinger\/&#8221; icon_color=&#8221;#2ea3f2&#8243; image=&#8221;http:\/\/gjellerupsdr.dk\/wp-content\/uploads\/2018\/02\/27657518_1415383641917699_3728044454235711319_n.jpg&#8221; admin_label=&#8221;Blurb&#8221; _builder_version=&#8221;3.0.92&#8243; background_size=&#8221;initial&#8221; background_position=&#8221;top_left&#8221; background_repeat=&#8221;repeat&#8221; text_orientation=&#8221;center&#8221;]Vi anbefaler ikke at din barn bruger sv\u00f8mmevinger. L\u00e6s mere om hvorfor, og hvad du kan g\u00f8re, hvis dit barn allerede bruger sv\u00f8mmevinger.<br \/>\n[\/et_pb_blurb][\/et_pb_column][\/et_pb_row][\/et_pb_section][et_pb_section fb_built=&#8221;1&#8243; background_color=&#8221;#b7b7b7&#8243; _builder_version=&#8221;3.0.92&#8243;][et_pb_row _builder_version=&#8221;3.0.92&#8243;][et_pb_column type=&#8221;1_2&#8243; _builder_version=&#8221;3.0.92&#8243; parallax=&#8221;off&#8221; parallax_method=&#8221;on&#8221;][et_pb_blurb title=&#8221; Omkl\u00e6dning&#8221; _builder_version=&#8221;3.0.92&#8243; header_level=&#8221;h3&#8243; header_font=&#8221;||||||||&#8221; header_line_height=&#8221;1.2em&#8221;]<\/p>\n<p>B\u00f8rnene har tidligst adgang til omkl\u00e6dningsrummene 30 min. f\u00f8r undervisningsstart. N\u00e5r I ankommer til sv\u00f8mmehallen, skal I henvende jer til skranken og sige, at I skal til sv\u00f8mmeundervisning i Gjellerup Sv\u00f8mmeklub.<span data-ccp-props=\"{&quot;134233117&quot;:true,&quot;134233118&quot;:true,&quot;201341983&quot;:0,&quot;335551550&quot;:6,&quot;335551620&quot;:6,&quot;335559740&quot;:240}\">\u00a0<\/span><\/p>\n<p>Omkl\u00e6dning foreg\u00e5r i rum nr. 3 (piger) og 4 (drenge).<span data-ccp-props=\"{&quot;134233117&quot;:true,&quot;134233118&quot;:true,&quot;201341983&quot;:0,&quot;335551550&quot;:6,&quot;335551620&quot;:6,&quot;335559740&quot;:240}\">\u00a0<\/span><\/p>\n<p>B\u00f8rn over 7 \u00e5r skal kl\u00e6de om i det omkl\u00e6dningsrum som svarer til barnets k\u00f8n.\u00a0<span data-ccp-props=\"{&quot;134233117&quot;:true,&quot;134233118&quot;:true,&quot;201341983&quot;:0,&quot;335551550&quot;:6,&quot;335551620&quot;:6,&quot;335559740&quot;:240}\">\u00a0<\/span><\/p>\n<p>Vi henviser til vores <a href=\"\/svoemning\/baderegler\/\">baderegler<\/a>\u00a0i forhold til god hygiejne. Vi \u00f8nsker god vandkvalitet samt udvise hensyn til andre badeg\u00e6ster<\/p>\n<p>De 2 undervisningsbassiner p\u00e5 henholdsvis 90 cm og 110 cm dybe ligger i den nye sv\u00f8mmehal.\u00a0<span data-ccp-props=\"{&quot;134233117&quot;:true,&quot;134233118&quot;:true,&quot;201341983&quot;:0,&quot;335551550&quot;:6,&quot;335551620&quot;:6,&quot;335559740&quot;:240}\">\u00a0<\/span><\/p>\n<p>N\u00e5r I kommer ind i sv\u00f8mmehallen, m\u00e5 b\u00f8rnene f\u00f8rst g\u00e5 i vandet, n\u00e5r instrukt\u00f8rerne beder b\u00f8rnene om det. N\u00e5r undervisningen er slut forlades bassinet.\u00a0<span data-ccp-props=\"{&quot;134233117&quot;:true,&quot;134233118&quot;:true,&quot;201341983&quot;:0,&quot;335551550&quot;:6,&quot;335551620&quot;:6,&quot;335559740&quot;:240}\">\u00a0<\/span><\/p>\n<p><b><i>Hvis b<\/i><\/b><b><i>\u00f8rnene \u00f8nsker at sv\u00f8mme f\u00f8r og\/<\/i><\/b><b><i>eller efter undervisningen, skal der indl\u00f8ses almindelig adgangsbillet til sv\u00f8mmehallen ved ankomst.\u00a0<\/i><\/b><span data-ccp-props=\"{&quot;134233117&quot;:true,&quot;134233118&quot;:true,&quot;201341983&quot;:0,&quot;335551550&quot;:6,&quot;335551620&quot;:6,&quot;335559740&quot;:240}\">\u00a0<\/span><\/p>\n<p>[\/et_pb_blurb][\/et_pb_column][et_pb_column type=&#8221;1_2&#8243; _builder_version=&#8221;3.0.92&#8243; parallax=&#8221;off&#8221; parallax_method=&#8221;on&#8221;][et_pb_blurb title=&#8221;Oprykning og holdskifte&#8221; _builder_version=&#8221;3.0.92&#8243; header_level=&#8221;h3&#8243; header_font=&#8221;||||||||&#8221; header_line_height=&#8221;1.2em&#8221;]<\/p>\n<p>Ved hver endt s\u00e6son vurderer instrukt\u00f8ren alle sv\u00f8mmerne med henblik p\u00e5 valg af hold til den efterf\u00f8lgende s\u00e6son.\u00a0\u00a0<span data-ccp-props=\"{&quot;134233117&quot;:true,&quot;134233118&quot;:true,&quot;201341983&quot;:0,&quot;335551550&quot;:6,&quot;335551620&quot;:6,&quot;335559740&quot;:240}\">\u00a0<\/span><\/p>\n<p>Hvis det viser sig, at dit barn af en eller anden grund \u00f8nsker at skifte hold i l\u00f8bet af s\u00e6sonen, er vi behj\u00e6lpelige med dette, i det omfang, der er plads p\u00e5 det \u00f8nskede hold. Holdskifte kan ogs\u00e5 ske p\u00e5 vores opfordring, hvis det viser sig, at dit barn niveaum\u00e6ssigt er havnet p\u00e5 et uhensigtsm\u00e6ssigt hold.\u00a0<span data-ccp-props=\"{&quot;134233117&quot;:true,&quot;134233118&quot;:true,&quot;201341983&quot;:0,&quot;335551550&quot;:6,&quot;335551620&quot;:6,&quot;335559740&quot;:240}\">\u00a0<\/span><\/p>\n<p>Dit barn vil ved s\u00e6sonens afslutning modtage en anbefaling og et fint diplom, hvor vi fort\u00e6ller, hvilket hold vi vil anbefale n\u00e6ste \u00e5r. Se eksempel her: <a href=\"\/wp-content\/uploads\/2018\/02\/Anbefalingsbrev-1.pdf\">anbefalingsbrev<\/a><\/p>\n<p>[\/et_pb_blurb][et_pb_blurb title=&#8221;Fotografering&#8221; _builder_version=&#8221;3.0.92&#8243; header_level=&#8221;h3&#8243; header_font=&#8221;||||||||&#8221; header_line_height=&#8221;1.2em&#8221;]Vi anvender i klubben \u00f8jebliksbilleder fra tr\u00e6ningen p\u00e5 vores facebookside. I den forbindelse g\u00e5r vi ud fra DGIs retningslinjer for fotodeling. Hvis I ikke \u00f8nsker, at jeres barn fremg\u00e5r af billeder, der vil blive lagt p\u00e5 sv\u00f8mmeklubbens facebookside samt hjemmeside, bedes I give os besked p\u00e5 info@gjellerupsvommeklub.dk.\u00a0<span data-ccp-props=\"{\">\u00a0<\/span><br \/>\n[\/et_pb_blurb][\/et_pb_column][\/et_pb_row][\/et_pb_section]<\/p>\n","protected":false},"excerpt":{"rendered":"<p>Det er helt i orden, at I som for\u00e6ldre er med i sv\u00f8mmehallen. Vi har stor forst\u00e5else for, at det er rart at kunne holde \u00f8je med sit barn under undervisningen. Og meget naturligt, \u00f8nsker man kun sit barn det bedste og det kan derfor v\u00e6re fristende at hj\u00e6lpe til imens undervisningen st\u00e5r p\u00e5. I [&hellip;]<\/p>\n","protected":false},"author":4,"featured_media":0,"parent":68,"menu_order":0,"comment_status":"closed","ping_status":"closed","template":"","meta":{"_et_pb_use_builder":"on","_et_pb_old_content":"","_et_gb_content_width":"","footnotes":""},"class_list":["post-261","page","type-page","status-publish","hentry"],"yoast_head":"<!-- This site is optimized with the Yoast SEO plugin v27.5 - https:\/\/yoast.com\/product\/yoast-seo-wordpress\/ -->\n<title>for\u00e6ldreh\u00e5ndbogen - Velkommen til Gjellerup Sdr. S.G. &amp; I.<\/title>\n<meta name=\"robots\" content=\"index, follow, max-snippet:-1, max-image-preview:large, max-video-preview:-1\" \/>\n<link rel=\"canonical\" href=\"https:\/\/gjellerupsdr.dk\/en\/svoemning\/foraeldrehaandbogen\/\" \/>\n<meta property=\"og:locale\" content=\"en_US\" \/>\n<meta property=\"og:locale:alternate\" content=\"da_DK\" \/>\n<meta property=\"og:locale:alternate\" content=\"ua\" \/>\n<meta property=\"og:type\" content=\"article\" \/>\n<meta property=\"og:title\" content=\"for\u00e6ldreh\u00e5ndbogen - Velkommen til Gjellerup Sdr. S.G. &amp; I.\" \/>\n<meta property=\"og:description\" content=\"Det er helt i orden, at I som for\u00e6ldre er med i sv\u00f8mmehallen. Vi har stor forst\u00e5else for, at det er rart at kunne holde \u00f8je med sit barn under undervisningen. Og meget naturligt, \u00f8nsker man kun sit barn det bedste og det kan derfor v\u00e6re fristende at hj\u00e6lpe til imens undervisningen st\u00e5r p\u00e5. I [&hellip;]\" \/>\n<meta property=\"og:url\" content=\"https:\/\/gjellerupsdr.dk\/en\/svoemning\/foraeldrehaandbogen\/\" \/>\n<meta property=\"og:site_name\" content=\"Velkommen til Gjellerup Sdr. S.G. &amp; I.\" \/>\n<meta property=\"article:publisher\" content=\"https:\/\/www.facebook.com\/groups\/gjellerupsdrsgi\" \/>\n<meta property=\"article:modified_time\" content=\"2018-02-12T14:46:52+00:00\" \/>\n<meta name=\"twitter:card\" content=\"summary_large_image\" \/>\n<meta name=\"twitter:label1\" content=\"Est. reading time\" \/>\n\t<meta name=\"twitter:data1\" content=\"7 minutes\" \/>\n<script type=\"application\/ld+json\" class=\"yoast-schema-graph\">{\"@context\":\"https:\\\/\\\/schema.org\",\"@graph\":[{\"@type\":\"WebPage\",\"@id\":\"https:\\\/\\\/gjellerupsdr.dk\\\/svoemning\\\/foraeldrehaandbogen\\\/\",\"url\":\"https:\\\/\\\/gjellerupsdr.dk\\\/svoemning\\\/foraeldrehaandbogen\\\/\",\"name\":\"for\u00e6ldreh\u00e5ndbogen - Velkommen til Gjellerup Sdr. S.G. &amp; I.\",\"isPartOf\":{\"@id\":\"https:\\\/\\\/gjellerupsdr.dk\\\/#website\"},\"datePublished\":\"2018-02-08T13:28:16+00:00\",\"dateModified\":\"2018-02-12T14:46:52+00:00\",\"breadcrumb\":{\"@id\":\"https:\\\/\\\/gjellerupsdr.dk\\\/svoemning\\\/foraeldrehaandbogen\\\/#breadcrumb\"},\"inLanguage\":\"en-US\",\"potentialAction\":[{\"@type\":\"ReadAction\",\"target\":[\"https:\\\/\\\/gjellerupsdr.dk\\\/svoemning\\\/foraeldrehaandbogen\\\/\"]}]},{\"@type\":\"BreadcrumbList\",\"@id\":\"https:\\\/\\\/gjellerupsdr.dk\\\/svoemning\\\/foraeldrehaandbogen\\\/#breadcrumb\",\"itemListElement\":[{\"@type\":\"ListItem\",\"position\":1,\"name\":\"Hjem\",\"item\":\"https:\\\/\\\/gjellerupsdr.dk\\\/\"},{\"@type\":\"ListItem\",\"position\":2,\"name\":\"Sv\u00f8mning\",\"item\":\"https:\\\/\\\/gjellerupsdr.dk\\\/svoemning\\\/\"},{\"@type\":\"ListItem\",\"position\":3,\"name\":\"for\u00e6ldreh\u00e5ndbogen\"}]},{\"@type\":\"WebSite\",\"@id\":\"https:\\\/\\\/gjellerupsdr.dk\\\/#website\",\"url\":\"https:\\\/\\\/gjellerupsdr.dk\\\/\",\"name\":\"Gjellerup Sdr. S.G. & I.\",\"description\":\"F\u00e6llesskabet i Gjellerup Sdr.s idr\u00e6tsafdelinger, her er plads til alle der \u00f8nsker at g\u00e5 til gymnastik, sv\u00f8mning &amp; skydning\",\"publisher\":{\"@id\":\"https:\\\/\\\/gjellerupsdr.dk\\\/#organization\"},\"potentialAction\":[{\"@type\":\"SearchAction\",\"target\":{\"@type\":\"EntryPoint\",\"urlTemplate\":\"https:\\\/\\\/gjellerupsdr.dk\\\/?s={search_term_string}\"},\"query-input\":{\"@type\":\"PropertyValueSpecification\",\"valueRequired\":true,\"valueName\":\"search_term_string\"}}],\"inLanguage\":\"en-US\"},{\"@type\":\"Organization\",\"@id\":\"https:\\\/\\\/gjellerupsdr.dk\\\/#organization\",\"name\":\"Gjellerup Sdr. S.G. & I.\",\"url\":\"https:\\\/\\\/gjellerupsdr.dk\\\/\",\"logo\":{\"@type\":\"ImageObject\",\"inLanguage\":\"en-US\",\"@id\":\"https:\\\/\\\/gjellerupsdr.dk\\\/#\\\/schema\\\/logo\\\/image\\\/\",\"url\":\"https:\\\/\\\/gjellerupsdr.dk\\\/wp-content\\\/uploads\\\/2021\\\/10\\\/Gjellerupsdr-logo-1-1.svg\",\"contentUrl\":\"https:\\\/\\\/gjellerupsdr.dk\\\/wp-content\\\/uploads\\\/2021\\\/10\\\/Gjellerupsdr-logo-1-1.svg\",\"width\":1,\"height\":1,\"caption\":\"Gjellerup Sdr. S.G. & I.\"},\"image\":{\"@id\":\"https:\\\/\\\/gjellerupsdr.dk\\\/#\\\/schema\\\/logo\\\/image\\\/\"},\"sameAs\":[\"https:\\\/\\\/www.facebook.com\\\/groups\\\/gjellerupsdrsgi\"]}]}<\/script>\n<!-- \/ Yoast SEO plugin. -->","yoast_head_json":{"title":"for\u00e6ldreh\u00e5ndbogen - Velkommen til Gjellerup Sdr. S.G. &amp; I.","robots":{"index":"index","follow":"follow","max-snippet":"max-snippet:-1","max-image-preview":"max-image-preview:large","max-video-preview":"max-video-preview:-1"},"canonical":"https:\/\/gjellerupsdr.dk\/en\/svoemning\/foraeldrehaandbogen\/","og_locale":"en_US","og_type":"article","og_title":"for\u00e6ldreh\u00e5ndbogen - Velkommen til Gjellerup Sdr. S.G. &amp; I.","og_description":"Det er helt i orden, at I som for\u00e6ldre er med i sv\u00f8mmehallen. Vi har stor forst\u00e5else for, at det er rart at kunne holde \u00f8je med sit barn under undervisningen. Og meget naturligt, \u00f8nsker man kun sit barn det bedste og det kan derfor v\u00e6re fristende at hj\u00e6lpe til imens undervisningen st\u00e5r p\u00e5. I [&hellip;]","og_url":"https:\/\/gjellerupsdr.dk\/en\/svoemning\/foraeldrehaandbogen\/","og_site_name":"Velkommen til Gjellerup Sdr. S.G. &amp; I.","article_publisher":"https:\/\/www.facebook.com\/groups\/gjellerupsdrsgi","article_modified_time":"2018-02-12T14:46:52+00:00","twitter_card":"summary_large_image","twitter_misc":{"Est. reading time":"7 minutes"},"schema":{"@context":"https:\/\/schema.org","@graph":[{"@type":"WebPage","@id":"https:\/\/gjellerupsdr.dk\/svoemning\/foraeldrehaandbogen\/","url":"https:\/\/gjellerupsdr.dk\/svoemning\/foraeldrehaandbogen\/","name":"for\u00e6ldreh\u00e5ndbogen - Velkommen til Gjellerup Sdr. S.G. &amp; I.","isPartOf":{"@id":"https:\/\/gjellerupsdr.dk\/#website"},"datePublished":"2018-02-08T13:28:16+00:00","dateModified":"2018-02-12T14:46:52+00:00","breadcrumb":{"@id":"https:\/\/gjellerupsdr.dk\/svoemning\/foraeldrehaandbogen\/#breadcrumb"},"inLanguage":"en-US","potentialAction":[{"@type":"ReadAction","target":["https:\/\/gjellerupsdr.dk\/svoemning\/foraeldrehaandbogen\/"]}]},{"@type":"BreadcrumbList","@id":"https:\/\/gjellerupsdr.dk\/svoemning\/foraeldrehaandbogen\/#breadcrumb","itemListElement":[{"@type":"ListItem","position":1,"name":"Hjem","item":"https:\/\/gjellerupsdr.dk\/"},{"@type":"ListItem","position":2,"name":"Sv\u00f8mning","item":"https:\/\/gjellerupsdr.dk\/svoemning\/"},{"@type":"ListItem","position":3,"name":"for\u00e6ldreh\u00e5ndbogen"}]},{"@type":"WebSite","@id":"https:\/\/gjellerupsdr.dk\/#website","url":"https:\/\/gjellerupsdr.dk\/","name":"Gjellerup Sdr. S.G. & I.","description":"F\u00e6llesskabet i Gjellerup Sdr.s idr\u00e6tsafdelinger, her er plads til alle der \u00f8nsker at g\u00e5 til gymnastik, sv\u00f8mning &amp; skydning","publisher":{"@id":"https:\/\/gjellerupsdr.dk\/#organization"},"potentialAction":[{"@type":"SearchAction","target":{"@type":"EntryPoint","urlTemplate":"https:\/\/gjellerupsdr.dk\/?s={search_term_string}"},"query-input":{"@type":"PropertyValueSpecification","valueRequired":true,"valueName":"search_term_string"}}],"inLanguage":"en-US"},{"@type":"Organization","@id":"https:\/\/gjellerupsdr.dk\/#organization","name":"Gjellerup Sdr. S.G. & I.","url":"https:\/\/gjellerupsdr.dk\/","logo":{"@type":"ImageObject","inLanguage":"en-US","@id":"https:\/\/gjellerupsdr.dk\/#\/schema\/logo\/image\/","url":"https:\/\/gjellerupsdr.dk\/wp-content\/uploads\/2021\/10\/Gjellerupsdr-logo-1-1.svg","contentUrl":"https:\/\/gjellerupsdr.dk\/wp-content\/uploads\/2021\/10\/Gjellerupsdr-logo-1-1.svg","width":1,"height":1,"caption":"Gjellerup Sdr. S.G. & I."},"image":{"@id":"https:\/\/gjellerupsdr.dk\/#\/schema\/logo\/image\/"},"sameAs":["https:\/\/www.facebook.com\/groups\/gjellerupsdrsgi"]}]}},"_links":{"self":[{"href":"https:\/\/gjellerupsdr.dk\/en\/wp-json\/wp\/v2\/pages\/261","targetHints":{"allow":["GET"]}}],"collection":[{"href":"https:\/\/gjellerupsdr.dk\/en\/wp-json\/wp\/v2\/pages"}],"about":[{"href":"https:\/\/gjellerupsdr.dk\/en\/wp-json\/wp\/v2\/types\/page"}],"author":[{"embeddable":true,"href":"https:\/\/gjellerupsdr.dk\/en\/wp-json\/wp\/v2\/users\/4"}],"replies":[{"embeddable":true,"href":"https:\/\/gjellerupsdr.dk\/en\/wp-json\/wp\/v2\/comments?post=261"}],"version-history":[{"count":23,"href":"https:\/\/gjellerupsdr.dk\/en\/wp-json\/wp\/v2\/pages\/261\/revisions"}],"predecessor-version":[{"id":675,"href":"https:\/\/gjellerupsdr.dk\/en\/wp-json\/wp\/v2\/pages\/261\/revisions\/675"}],"up":[{"embeddable":true,"href":"https:\/\/gjellerupsdr.dk\/en\/wp-json\/wp\/v2\/pages\/68"}],"wp:attachment":[{"href":"https:\/\/gjellerupsdr.dk\/en\/wp-json\/wp\/v2\/media?parent=261"}],"curies":[{"name":"wp","href":"https:\/\/api.w.org\/{rel}","templated":true}]}}