{"id":279,"date":"2018-02-08T13:54:50","date_gmt":"2018-02-08T13:54:50","guid":{"rendered":"http:\/\/gjellerupsdr.dk\/?page_id=279"},"modified":"2018-02-12T14:48:21","modified_gmt":"2018-02-12T14:48:21","slug":"svoemmevinger","status":"publish","type":"page","link":"https:\/\/gjellerupsdr.dk\/ua\/svoemning\/svoemmevinger\/","title":{"rendered":"Sv\u00f8mmevinger"},"content":{"rendered":"<p>[et_pb_section fb_built=&#8221;1&#8243; background_color=&#8221;#6aceb6&#8243; inner_shadow=&#8221;on&#8221; fullwidth=&#8221;on&#8221; _builder_version=&#8221;3.0.47&#8243;][et_pb_fullwidth_header title=&#8221;Sv\u00f8mmevinger&#8221; background_layout=&#8221;dark&#8221; _builder_version=&#8221;3.0.92&#8243; custom_padding=&#8221;|||&#8221; custom_padding_tablet=&#8221;|||&#8221; custom_padding_phone=&#8221;|||&#8221; background_color=&#8221;#f18626&#8243;][\/et_pb_fullwidth_header][\/et_pb_section][et_pb_section fb_built=&#8221;1&#8243; _builder_version=&#8221;3.0.47&#8243;][et_pb_row _builder_version=&#8221;3.0.92&#8243;][et_pb_column type=&#8221;1_2&#8243; _builder_version=&#8221;3.0.92&#8243; parallax=&#8221;off&#8221; parallax_method=&#8221;on&#8221;][et_pb_blurb title=&#8221;Sv\u00f8mmevinger? \u2013 Aldrig, og det er der flere grunde til.&#8221; _builder_version=&#8221;3.0.92&#8243; header_level=&#8221;h3&#8243; header_font=&#8221;||||||||&#8221; header_line_height=&#8221;1.2em&#8221;]<\/p>\n<p class=\"art-postheader\">Man skal undg\u00e5 brugen af sv\u00f8mmevinger til b\u00f8rn, da de ikke er bevidste herom. Vinger fylder nemlig det meste af armene, s\u00e5ledes at de ikke kan bruges til at skabe fremdrift, hvilket h\u00e6mmer barnets sv\u00f8mmeudvikling. Vinger begr\u00e6nser ligeledes barnets udvikling af balancen og koordinering i vandet, hvilket er utrolig vigtigt for, at de f\u00e5r et veludviklet kropskendskab i vandet. N\u00e5r balancen \u00e6ndres pga. af vinger, f\u00e5r barnet en forkert stilling i vandet (lodret frem for vandret), og er dermed mere passive i vandet.<\/p>\n<div class=\"art-postcontent clearfix\">\n<div class=\"art-article\">\n<p>Ved brug af vinger f\u00e5r barnet et andet grundlag for at udvikle deres balance, og dermed forsvinder den veludviklede fornemmelse for fremdrift og egen opdrift af kroppen i vand. Barnet f\u00e5r den opfattelse, at det er naturligt at have hovedet over vandet, og at det ikke er n\u00f8dvendig at bev\u00e6ge sig. Barnet vil derfor ikke l\u00e6re at rotere rundt i vandet og skabe frie luftveje. Uden frie luftveje sker der drukneulykker.<\/p>\n<p>Det er korrekt, at vingerne holder barnet oppe, men det er en\u00a0<strong>falsk tryghed<\/strong>. Hvis barnet har v\u00e6nnet sig til at benytte vinger, som holder ham oppe, kan der lettere opst\u00e5 drukneulykker. Hvis barnet ved et uheld falder i vandet, vil han ikke naturligt bev\u00e6ge sig og s\u00f8ge op mod vandoverfladen, men passivt vente p\u00e5, at blive trukket op til overfladen \u2013 hvilket ikke sker ad sig selv.<\/p>\n<p>Uden brug af vinger har barnet mulighed for at lege med sine bev\u00e6gelser i vandet og herved opn\u00e5 st\u00f8rre kropsbevidsthed, bedre koordinering i vandet samt udvikle sin balance, s\u00e5 barnet er rustet til at klare vandets udfordringer p\u00e5 godt og ondt. Barnet skal have en fornemmelse af egne samt vandets muligheder og begr\u00e6nsninger, for at blive tryg ved vandet og for at kunne h\u00e5ndtere det at sv\u00f8mme. At bruge vinger giver alts\u00e5 falsk tryghed, og barnet vil ikke opn\u00e5 respekt for vandet, hvilket kan have store konsekvenser.<\/p>\n<\/div>\n<\/div>\n<p>[\/et_pb_blurb][\/et_pb_column][et_pb_column type=&#8221;1_2&#8243; _builder_version=&#8221;3.0.92&#8243; parallax=&#8221;off&#8221; parallax_method=&#8221;on&#8221;][et_pb_blurb title=&#8221;Hvad skal jeg g\u00f8re hvis mit barn allerede bruger vinger? &#8221; _builder_version=&#8221;3.0.92&#8243; header_font=&#8221;||||||||&#8221; header_level=&#8221;h3&#8243; header_line_height=&#8221;1.2em&#8221;]<\/p>\n<ul>\n<li>Snak med jeres barn, og fort\u00e6l at det nu er tid til at sv\u00f8mme uden vinger.<\/li>\n<li>Snak med barnets instrukt\u00f8r, da han\/hun vil kunne give r\u00e5d for alternativer og kunne hj\u00e6lpe til i undervisningen. Instrukt\u00f8rerne kan forskellige teknikker til, hvordan du l\u00e6rer dit barn at sv\u00f8mme uden opdriftsmidler.<\/li>\n<li>Tag selv i sv\u00f8mmehallen, n\u00e5r der er offentlig \u00e5ben og leg med dit barn \u2013 uden vinger.<\/li>\n<li>K\u00f8b et par sv\u00f8mmebriller, s\u00e5 det bliver nemmere for barnet at f\u00e5 hovedet under vandet.<\/li>\n<li>Har jeres barn sv\u00e6rt ved at komme af med vingerne, kan det v\u00e6re en fordel at benytte sig af aquaorme (de lange slanger i forskellige farver) eller b\u00e6lte. Sp\u00f8rg jeres instrukt\u00f8r, hvis I er i tvivl.<\/li>\n<\/ul>\n<p>[\/et_pb_blurb][et_pb_image src=&#8221;http:\/\/gjellerupsdr.dk\/wp-content\/uploads\/2018\/02\/27657518_1415383641917699_3728044454235711319_n.jpg&#8221; _builder_version=&#8221;3.0.92&#8243;][\/et_pb_image][\/et_pb_column][\/et_pb_row][\/et_pb_section]<\/p>\n","protected":false},"excerpt":{"rendered":"<p>Man skal undg\u00e5 brugen af sv\u00f8mmevinger til b\u00f8rn, da de ikke er bevidste herom. Vinger fylder nemlig det meste af armene, s\u00e5ledes at de ikke kan bruges til at skabe fremdrift, hvilket h\u00e6mmer barnets sv\u00f8mmeudvikling. Vinger begr\u00e6nser ligeledes barnets udvikling af balancen og koordinering i vandet, hvilket er utrolig vigtigt for, at de f\u00e5r et [&hellip;]<\/p>\n","protected":false},"author":4,"featured_media":0,"parent":68,"menu_order":0,"comment_status":"closed","ping_status":"closed","template":"","meta":{"_et_pb_use_builder":"on","_et_pb_old_content":"","_et_gb_content_width":"","footnotes":""},"class_list":["post-279","page","type-page","status-publish","hentry"],"yoast_head":"<!-- This site is optimized with the Yoast SEO plugin v27.5 - https:\/\/yoast.com\/product\/yoast-seo-wordpress\/ -->\n<title>Sv\u00f8mmevinger - Velkommen til Gjellerup Sdr. S.G. &amp; I.<\/title>\n<meta name=\"robots\" content=\"index, follow, max-snippet:-1, max-image-preview:large, max-video-preview:-1\" \/>\n<link rel=\"canonical\" href=\"https:\/\/gjellerupsdr.dk\/ua\/svoemning\/svoemmevinger\/\" \/>\n<meta property=\"og:locale\" content=\"uk_UA\" \/>\n<meta property=\"og:locale:alternate\" content=\"en_US\" \/>\n<meta property=\"og:locale:alternate\" content=\"da_DK\" \/>\n<meta property=\"og:type\" content=\"article\" \/>\n<meta property=\"og:title\" content=\"Sv\u00f8mmevinger - Velkommen til Gjellerup Sdr. S.G. &amp; I.\" \/>\n<meta property=\"og:description\" content=\"Man skal undg\u00e5 brugen af sv\u00f8mmevinger til b\u00f8rn, da de ikke er bevidste herom. Vinger fylder nemlig det meste af armene, s\u00e5ledes at de ikke kan bruges til at skabe fremdrift, hvilket h\u00e6mmer barnets sv\u00f8mmeudvikling. Vinger begr\u00e6nser ligeledes barnets udvikling af balancen og koordinering i vandet, hvilket er utrolig vigtigt for, at de f\u00e5r et [&hellip;]\" \/>\n<meta property=\"og:url\" content=\"https:\/\/gjellerupsdr.dk\/ua\/svoemning\/svoemmevinger\/\" \/>\n<meta property=\"og:site_name\" content=\"Velkommen til Gjellerup Sdr. S.G. &amp; I.\" \/>\n<meta property=\"article:publisher\" content=\"https:\/\/www.facebook.com\/groups\/gjellerupsdrsgi\" \/>\n<meta property=\"article:modified_time\" content=\"2018-02-12T14:48:21+00:00\" \/>\n<meta name=\"twitter:card\" content=\"summary_large_image\" \/>\n<meta name=\"twitter:label1\" content=\"\u041f\u0440\u0438\u0431\u043b. \u0447\u0430\u0441 \u0447\u0438\u0442\u0430\u043d\u043d\u044f\" \/>\n\t<meta name=\"twitter:data1\" content=\"3 \u0445\u0432\u0438\u043b\u0438\u043d\u0438\" \/>\n<script type=\"application\/ld+json\" class=\"yoast-schema-graph\">{\"@context\":\"https:\\\/\\\/schema.org\",\"@graph\":[{\"@type\":\"WebPage\",\"@id\":\"https:\\\/\\\/gjellerupsdr.dk\\\/svoemning\\\/svoemmevinger\\\/\",\"url\":\"https:\\\/\\\/gjellerupsdr.dk\\\/svoemning\\\/svoemmevinger\\\/\",\"name\":\"Sv\u00f8mmevinger - Velkommen til Gjellerup Sdr. S.G. &amp; I.\",\"isPartOf\":{\"@id\":\"https:\\\/\\\/gjellerupsdr.dk\\\/#website\"},\"datePublished\":\"2018-02-08T13:54:50+00:00\",\"dateModified\":\"2018-02-12T14:48:21+00:00\",\"breadcrumb\":{\"@id\":\"https:\\\/\\\/gjellerupsdr.dk\\\/svoemning\\\/svoemmevinger\\\/#breadcrumb\"},\"inLanguage\":\"ua\",\"potentialAction\":[{\"@type\":\"ReadAction\",\"target\":[\"https:\\\/\\\/gjellerupsdr.dk\\\/svoemning\\\/svoemmevinger\\\/\"]}]},{\"@type\":\"BreadcrumbList\",\"@id\":\"https:\\\/\\\/gjellerupsdr.dk\\\/svoemning\\\/svoemmevinger\\\/#breadcrumb\",\"itemListElement\":[{\"@type\":\"ListItem\",\"position\":1,\"name\":\"Hjem\",\"item\":\"https:\\\/\\\/gjellerupsdr.dk\\\/\"},{\"@type\":\"ListItem\",\"position\":2,\"name\":\"Sv\u00f8mning\",\"item\":\"https:\\\/\\\/gjellerupsdr.dk\\\/svoemning\\\/\"},{\"@type\":\"ListItem\",\"position\":3,\"name\":\"Sv\u00f8mmevinger\"}]},{\"@type\":\"WebSite\",\"@id\":\"https:\\\/\\\/gjellerupsdr.dk\\\/#website\",\"url\":\"https:\\\/\\\/gjellerupsdr.dk\\\/\",\"name\":\"Gjellerup Sdr. S.G. & I.\",\"description\":\"F\u00e6llesskabet i Gjellerup Sdr.s idr\u00e6tsafdelinger, her er plads til alle der \u00f8nsker at g\u00e5 til gymnastik, sv\u00f8mning &amp; skydning\",\"publisher\":{\"@id\":\"https:\\\/\\\/gjellerupsdr.dk\\\/#organization\"},\"potentialAction\":[{\"@type\":\"SearchAction\",\"target\":{\"@type\":\"EntryPoint\",\"urlTemplate\":\"https:\\\/\\\/gjellerupsdr.dk\\\/?s={search_term_string}\"},\"query-input\":{\"@type\":\"PropertyValueSpecification\",\"valueRequired\":true,\"valueName\":\"search_term_string\"}}],\"inLanguage\":\"ua\"},{\"@type\":\"Organization\",\"@id\":\"https:\\\/\\\/gjellerupsdr.dk\\\/#organization\",\"name\":\"Gjellerup Sdr. S.G. & I.\",\"url\":\"https:\\\/\\\/gjellerupsdr.dk\\\/\",\"logo\":{\"@type\":\"ImageObject\",\"inLanguage\":\"ua\",\"@id\":\"https:\\\/\\\/gjellerupsdr.dk\\\/#\\\/schema\\\/logo\\\/image\\\/\",\"url\":\"https:\\\/\\\/gjellerupsdr.dk\\\/wp-content\\\/uploads\\\/2021\\\/10\\\/Gjellerupsdr-logo-1-1.svg\",\"contentUrl\":\"https:\\\/\\\/gjellerupsdr.dk\\\/wp-content\\\/uploads\\\/2021\\\/10\\\/Gjellerupsdr-logo-1-1.svg\",\"width\":1,\"height\":1,\"caption\":\"Gjellerup Sdr. S.G. & I.\"},\"image\":{\"@id\":\"https:\\\/\\\/gjellerupsdr.dk\\\/#\\\/schema\\\/logo\\\/image\\\/\"},\"sameAs\":[\"https:\\\/\\\/www.facebook.com\\\/groups\\\/gjellerupsdrsgi\"]}]}<\/script>\n<!-- \/ Yoast SEO plugin. -->","yoast_head_json":{"title":"Sv\u00f8mmevinger - Velkommen til Gjellerup Sdr. S.G. &amp; I.","robots":{"index":"index","follow":"follow","max-snippet":"max-snippet:-1","max-image-preview":"max-image-preview:large","max-video-preview":"max-video-preview:-1"},"canonical":"https:\/\/gjellerupsdr.dk\/ua\/svoemning\/svoemmevinger\/","og_locale":"uk_UA","og_type":"article","og_title":"Sv\u00f8mmevinger - Velkommen til Gjellerup Sdr. S.G. &amp; I.","og_description":"Man skal undg\u00e5 brugen af sv\u00f8mmevinger til b\u00f8rn, da de ikke er bevidste herom. Vinger fylder nemlig det meste af armene, s\u00e5ledes at de ikke kan bruges til at skabe fremdrift, hvilket h\u00e6mmer barnets sv\u00f8mmeudvikling. Vinger begr\u00e6nser ligeledes barnets udvikling af balancen og koordinering i vandet, hvilket er utrolig vigtigt for, at de f\u00e5r et [&hellip;]","og_url":"https:\/\/gjellerupsdr.dk\/ua\/svoemning\/svoemmevinger\/","og_site_name":"Velkommen til Gjellerup Sdr. S.G. &amp; I.","article_publisher":"https:\/\/www.facebook.com\/groups\/gjellerupsdrsgi","article_modified_time":"2018-02-12T14:48:21+00:00","twitter_card":"summary_large_image","twitter_misc":{"\u041f\u0440\u0438\u0431\u043b. \u0447\u0430\u0441 \u0447\u0438\u0442\u0430\u043d\u043d\u044f":"3 \u0445\u0432\u0438\u043b\u0438\u043d\u0438"},"schema":{"@context":"https:\/\/schema.org","@graph":[{"@type":"WebPage","@id":"https:\/\/gjellerupsdr.dk\/svoemning\/svoemmevinger\/","url":"https:\/\/gjellerupsdr.dk\/svoemning\/svoemmevinger\/","name":"Sv\u00f8mmevinger - Velkommen til Gjellerup Sdr. S.G. &amp; I.","isPartOf":{"@id":"https:\/\/gjellerupsdr.dk\/#website"},"datePublished":"2018-02-08T13:54:50+00:00","dateModified":"2018-02-12T14:48:21+00:00","breadcrumb":{"@id":"https:\/\/gjellerupsdr.dk\/svoemning\/svoemmevinger\/#breadcrumb"},"inLanguage":"ua","potentialAction":[{"@type":"ReadAction","target":["https:\/\/gjellerupsdr.dk\/svoemning\/svoemmevinger\/"]}]},{"@type":"BreadcrumbList","@id":"https:\/\/gjellerupsdr.dk\/svoemning\/svoemmevinger\/#breadcrumb","itemListElement":[{"@type":"ListItem","position":1,"name":"Hjem","item":"https:\/\/gjellerupsdr.dk\/"},{"@type":"ListItem","position":2,"name":"Sv\u00f8mning","item":"https:\/\/gjellerupsdr.dk\/svoemning\/"},{"@type":"ListItem","position":3,"name":"Sv\u00f8mmevinger"}]},{"@type":"WebSite","@id":"https:\/\/gjellerupsdr.dk\/#website","url":"https:\/\/gjellerupsdr.dk\/","name":"Gjellerup Sdr. S.G. & I.","description":"F\u00e6llesskabet i Gjellerup Sdr.s idr\u00e6tsafdelinger, her er plads til alle der \u00f8nsker at g\u00e5 til gymnastik, sv\u00f8mning &amp; skydning","publisher":{"@id":"https:\/\/gjellerupsdr.dk\/#organization"},"potentialAction":[{"@type":"SearchAction","target":{"@type":"EntryPoint","urlTemplate":"https:\/\/gjellerupsdr.dk\/?s={search_term_string}"},"query-input":{"@type":"PropertyValueSpecification","valueRequired":true,"valueName":"search_term_string"}}],"inLanguage":"ua"},{"@type":"Organization","@id":"https:\/\/gjellerupsdr.dk\/#organization","name":"Gjellerup Sdr. S.G. & I.","url":"https:\/\/gjellerupsdr.dk\/","logo":{"@type":"ImageObject","inLanguage":"ua","@id":"https:\/\/gjellerupsdr.dk\/#\/schema\/logo\/image\/","url":"https:\/\/gjellerupsdr.dk\/wp-content\/uploads\/2021\/10\/Gjellerupsdr-logo-1-1.svg","contentUrl":"https:\/\/gjellerupsdr.dk\/wp-content\/uploads\/2021\/10\/Gjellerupsdr-logo-1-1.svg","width":1,"height":1,"caption":"Gjellerup Sdr. S.G. & I."},"image":{"@id":"https:\/\/gjellerupsdr.dk\/#\/schema\/logo\/image\/"},"sameAs":["https:\/\/www.facebook.com\/groups\/gjellerupsdrsgi"]}]}},"_links":{"self":[{"href":"https:\/\/gjellerupsdr.dk\/ua\/wp-json\/wp\/v2\/pages\/279","targetHints":{"allow":["GET"]}}],"collection":[{"href":"https:\/\/gjellerupsdr.dk\/ua\/wp-json\/wp\/v2\/pages"}],"about":[{"href":"https:\/\/gjellerupsdr.dk\/ua\/wp-json\/wp\/v2\/types\/page"}],"author":[{"embeddable":true,"href":"https:\/\/gjellerupsdr.dk\/ua\/wp-json\/wp\/v2\/users\/4"}],"replies":[{"embeddable":true,"href":"https:\/\/gjellerupsdr.dk\/ua\/wp-json\/wp\/v2\/comments?post=279"}],"version-history":[{"count":9,"href":"https:\/\/gjellerupsdr.dk\/ua\/wp-json\/wp\/v2\/pages\/279\/revisions"}],"predecessor-version":[{"id":679,"href":"https:\/\/gjellerupsdr.dk\/ua\/wp-json\/wp\/v2\/pages\/279\/revisions\/679"}],"up":[{"embeddable":true,"href":"https:\/\/gjellerupsdr.dk\/ua\/wp-json\/wp\/v2\/pages\/68"}],"wp:attachment":[{"href":"https:\/\/gjellerupsdr.dk\/ua\/wp-json\/wp\/v2\/media?parent=279"}],"curies":[{"name":"wp","href":"https:\/\/api.w.org\/{rel}","templated":true}]}}